{"id":9804,"date":"2025-03-27T09:31:04","date_gmt":"2025-03-27T08:31:04","guid":{"rendered":"https:\/\/superconnectr.com\/?page_id=9804"},"modified":"2025-03-27T15:55:31","modified_gmt":"2025-03-27T14:55:31","slug":"legal-notice","status":"publish","type":"page","link":"https:\/\/superconnectr.com\/us\/mentions-legales\/","title":{"rendered":"Terms of use"},"content":{"rendered":"<div data-elementor-type=\"wp-page\" data-elementor-id=\"9804\" class=\"elementor elementor-9804\" data-elementor-post-type=\"page\">\n\t\t\t\t\t\t<section class=\"elementor-section elementor-top-section elementor-element elementor-element-69cf421c elementor-section-boxed elementor-section-height-default elementor-section-height-default\" data-id=\"69cf421c\" data-element_type=\"section\" data-e-type=\"section\">\n\t\t\t\t\t\t<div class=\"elementor-container elementor-column-gap-default\">\n\t\t\t\t\t<div class=\"elementor-column elementor-col-100 elementor-top-column elementor-element elementor-element-2b27fb15\" data-id=\"2b27fb15\" data-element_type=\"column\" data-e-type=\"column\">\n\t\t\t<div class=\"elementor-widget-wrap elementor-element-populated\">\n\t\t\t\t\t\t<div class=\"elementor-element elementor-element-5583a5b0 elementor-widget elementor-widget-text-editor\" data-id=\"5583a5b0\" data-element_type=\"widget\" data-e-type=\"widget\" data-widget_type=\"text-editor.default\">\n\t\t\t\t<div class=\"elementor-widget-container\">\n\t\t\t\t\t\t\t\t\t<p><strong>Effective date: 03\/27\/2025<\/strong><\/p>\n<p><!-- \/wp:paragraph --><!-- wp:paragraph --><\/p>\n<p><!-- \/wp:paragraph --><!-- wp:paragraph {\"align\":\"center\"} --><\/p>\n<p><!-- \/wp:paragraph --><!-- wp:list {\"ordered\":true} --><\/p>\n<p><!-- \/wp:paragraph --><!-- wp:paragraph --><\/p>\n<p>The publisher of the superconnectr.com website (hereinafter referred to as the \"Site\") is SUPERCONNECTR SAS, a soci\u00e9t\u00e9 par actions simplifi\u00e9e (simplified joint stock company) under French law, with a share capital of \u20ac23,252.00, having its registered office at 33, rue de la R\u00e9publique, 69002 LYON, registered in the Lyon Trade and Companies Register under number R.C.S. 838 476 265 (hereinafter referred to as the \"Company\"). <strong>\"Company\")<\/strong><\/p>\n<p>Email : contact@superconnectr.com<\/p>\n<p>The publication director is Mr Damien Arment\u00e9 in his capacity as Chairman of the company.<\/p>\n<p>The hosting service provider is OVH.<\/p>\n<p>Phone: +33(0)7.80.95.96.10<\/p>\n<h5><b>Intellectual property<\/b><\/h5>\n<p>All elements of the https:\/\/superconnectr.com site and its marketing variations are the exclusive property of the SuperConnectr company, and are protected as such by the applicable legislation relating to intellectual property rights and databases.<\/p>\n<p><!-- \/wp:paragraph --><\/p>\t\t\t\t\t\t\t\t<\/div>\n\t\t\t\t<\/div>\n\t\t\t\t\t<\/div>\n\t\t<\/div>\n\t\t\t\t\t<\/div>\n\t\t<\/section>\n\t\t\t\t<section class=\"elementor-section elementor-top-section elementor-element elementor-element-eb919ef elementor-section-boxed elementor-section-height-default elementor-section-height-default\" data-id=\"eb919ef\" data-element_type=\"section\" data-e-type=\"section\">\n\t\t\t\t\t\t<div class=\"elementor-container elementor-column-gap-default\">\n\t\t\t\t\t<div class=\"elementor-column elementor-col-100 elementor-top-column elementor-element elementor-element-d6d8bc7\" data-id=\"d6d8bc7\" data-element_type=\"column\" data-e-type=\"column\">\n\t\t\t<div class=\"elementor-widget-wrap elementor-element-populated\">\n\t\t\t\t\t\t<div class=\"elementor-element elementor-element-751bbe7 elementor-widget elementor-widget-spacer\" data-id=\"751bbe7\" data-element_type=\"widget\" data-e-type=\"widget\" data-widget_type=\"spacer.default\">\n\t\t\t\t<div class=\"elementor-widget-container\">\n\t\t\t\t\t\t\t<div class=\"elementor-spacer\">\n\t\t\t<div class=\"elementor-spacer-inner\"><\/div>\n\t\t<\/div>\n\t\t\t\t\t\t<\/div>\n\t\t\t\t<\/div>\n\t\t\t\t<div class=\"elementor-element elementor-element-da38d3c elementor-widget elementor-widget-text-editor\" data-id=\"da38d3c\" data-element_type=\"widget\" data-e-type=\"widget\" data-widget_type=\"text-editor.default\">\n\t\t\t\t<div class=\"elementor-widget-container\">\n\t\t\t\t\t\t\t\t\t<h2><b>Privacy policy of superconnectr.com websites<\/b><\/h2>\n<p>This page describes the conditions under which SuperConnectr processes personal data collected from individuals (customers, prospects, etc.) in the context of their browsing on the present website https:\/\/superconnectr.com (and its marketing versions) or their exchanges with SuperConnectr employees.<\/p>\n<h3>1. Preamble and scope of application<\/h3>\n<p>SuperConnectr is committed to protecting your privacy. This Privacy Policy governs SuperConnectr's data collection, processing and use practices. It also details the options available to you to access, use and modify your personal information. If you do not agree with these practices, you should not use the web sites.<\/p>\n<p>This Privacy Policy is updated regularly. SuperConnectr will post any changes to the Privacy Policy on this page and, if the changes are material, will send you a more personal notification by e-mail.<\/p>\n<p>In any event, SuperConnectr encourages you to periodically review this Privacy Policy.<\/p>\n<p>If you have any questions about this Privacy Policy or the treatment of the information you provide, please send an email to <a href=\"mailto:dpo@inwink.com\">contact@superconnectr.com<\/a> or by post to SuperConnectr, 33 rue de la R\u00e9publique 69002 Lyon, France, to the attention of the Privacy Department.<\/p>\n<h3>2. Categories of Data you provide to SuperConnectr<\/h3>\n<p>In general, You may access the Site without disclosing any personal data. SuperConnectr does not process any information that could be used to identify You by name, either directly or indirectly, unless You voluntarily provide us with such information by answering forms provided to You or made available to You on the Site.<\/p>\n<p>On the Site, the personal data that may be requested by SuperConnectr are your surname, first name(s), telephone number, e-mail addresses, current position(s), company(ies) to which You belong, country, IP address (hereinafter the \"Data\").<\/p>\n<p>This Data will be processed electronically and stored by SuperConnectr in databases located exclusively within the European Union.<\/p>\n<p>Use of the Site is personal. You may not, at any time, communicate to Us the Data of other persons.<\/p>\n<h3>3. Recipients of your Data<\/h3>\n<p>SuperConnectr may also transfer your Data to its partner, the company HUBSPOT, used for CRM solution purposes.<\/p>\n<p>This US-based company is Privacy Shield certified. The Privacy Shield is a self-certification mechanism for companies established in the United States that has been recognized by the European Commission as offering an adequate level of protection for personal data transferred by a European entity to companies established in the United States. This mechanism is therefore considered to offer appropriate guarantees for such data transfers.<\/p>\n<p>In addition, in order to guarantee the correct application of the RGPD, we have concluded agreements with this recipient strictly framing the protection, security of your Data and respect for the exercise of your rights.<\/p>\n<p>Apart from the cases provided for in the present article, your Data will not be communicated or transferred to third parties.<\/p>\n<p>All recipients of your Data are required to respect its confidentiality and to process it only for the purposes described in article 5.<\/p>\n<p>However, it is possible that SuperConnectr may be obliged, under the Law and\/or the RGPD, or by the application of any other applicable legal provision, to communicate your Data to other third parties by court order, warrant, decree or any other applicable legislative and\/or regulatory provision.<\/p>\n<h3>4. Purpose of processing and length of time your Data is kept<\/h3>\n<p>When you provide us with your Data, SuperConnectr will process your Data for one or more of the following purposes:<\/p>\n<h4>4.1 Communication with you<\/h4>\n<ul>\n<li><strong>Request demo<\/strong><\/li>\n<\/ul>\n<p>We will respond to your requests for product demonstrations, as well as any other questions You may send Us, via our contact form. When You send Us a form, You agree to communicate Your Data to Us and to receive our communications. To this end, SuperConnectr may reply to you by telephone and\/or e-mail.<\/p>\n<ul>\n<li><strong>Purposes and duration of processing<\/strong><\/li>\n<\/ul>\n<p>For these treatments ;<\/p>\n<p>We keep your Data for the duration of our exchanges and for a maximum period of twenty-four (24) months from your last contact with Us (e-mail, telephone call, etc.). At the end of this period, your Data is deleted;<br \/>And pursuant to Article 6, paragraph 1, point (f) of the RGPD, We have a legitimate interest in processing your Data for the purpose of answering your queries and sending You the information You have requested.<\/p>\n<h4>4.2 Newsletter subscription<\/h4>\n<p>You can receive our newsletter in order to keep You informed of our activity by giving Us your e-mail address. You may refuse to receive this newsletter at any time, in particular by using the link provided in the e-mails you receive for this purpose.<\/p>\n<p>For this purpose, We process your Data :<\/p>\n<ul>\n<li><strong>For a maximum duration of twenty-four (24) months<\/strong>\u00a0from the date of your last contact with Us (e-mail, telephone call, etc.);<\/li>\n<li>On the basis of your consent, in accordance with Article 6, paragraph 1, point a) of the RGPD.<\/li>\n<\/ul>\n<h4>4.3 Site traffic<\/h4>\n<p>During your visit to the Site, SuperConnectr uses cookies placed by third parties in order to produce statistical reports, in particular on the number of visitors to the Site, the page(s) consulted, and language preferences.<\/p>\n<p>A cookie is personal data if it allows you to be identified.<\/p>\n<p>To this end, we process your Data. For more information, including details of the cookies used to process your Data, please consult our Cookies policy.<\/p>\n<p>If You have expressly consented via the Cookies banner, SuperConnectr may in particular use Your Data for marketing purposes, in order to analyze the Site and measure traffic.<\/p>\n<p>Once You have consented to the deposit of Cookies, You will be able to object to their use at any time by any of the means set out in our Cookies policy.<\/p>\n<p>For this purpose, We process your Data :<\/p>\n<p>For a maximum period of thirteen (13) months from the date of your consent as described above (the processing times per Cookie are detailed in our Cookie policy);<br \/>On the basis of your consent, in accordance with Article 6, paragraph 1, point a) of the RGPD.<\/p>\n<h3><strong>5. Your rights<\/strong><\/h3>\n<p>You are reminded that in connection with the processing of your Data, and in accordance with the provisions of the Law and the RGPD, you have the following rights:<\/p>\n<ul>\n<li>Right of access (Article 15 of the RGPD);<\/li>\n<li>Right of rectification (Article 16 of the RGPD);<\/li>\n<li>Right to erasure (Article 17 of the RGPD);<\/li>\n<li>Right to limitation of processing (Article 18 of the RGPD);<\/li>\n<li>Right to data portability (Article 20 RGPD);<\/li>\n<li>Right to object (Article 21 of the RGPD);<\/li>\n<li>Right not to be subject to a decision based exclusively on automated processing including profiling (Article 22 of the GDPR).<\/li>\n<\/ul>\n<p>All the rights listed above are personal and may only be exercised by persons who have communicated their Data to SuperConnectr.<\/p>\n<p>To exercise your rights or to make any other request concerning the processing of your Data, you may contact SuperConnectr by contacting our Data Protection Officer by e-mail at the address indicated in Article 2.<\/p>\n<p>When you contact SuperConnectr directly, by whatever means, SuperConnectr reserves the right to keep a record of this correspondence for as long as is necessary to process the request contained therein. Data used to establish proof of the exercise of your rights is subject to an archiving policy for a period of 5 years as evidence.<\/p>\n<p>If You believe that the processing of your Data does not comply with the RGPD, You may lodge a complaint with the supervisory authority. In France, the supervisory authority is the Commission Nationale de l'Informatique et des Libert\u00e9s (CNIL), 3 Place de Fontenoy, TSA 80715 - 75334 PARIS CEDEX 07, or refer the matter to the competent courts.<\/p>\n<p><!-- \/wp:paragraph --><\/p>\t\t\t\t\t\t\t\t<\/div>\n\t\t\t\t<\/div>\n\t\t\t\t\t<\/div>\n\t\t<\/div>\n\t\t\t\t\t<\/div>\n\t\t<\/section>\n\t\t\t\t<\/div>","protected":false},"excerpt":{"rendered":"<p>Effective date : 27\/03\/2025 The publisher of the superconnectr.com website (hereinafter referred to as the \"Site\") is SUPERCONNECTR SAS, a soci\u00e9t\u00e9 par actions simplifi\u00e9e (simplified joint stock company) under French law, with a share capital of \u20ac23,252.00, having its registered office at ... <a href=\"https:\/\/superconnectr.com\/us\/mentions-legales\/\">Read More<\/a><\/p>","protected":false},"author":2,"featured_media":9561,"parent":0,"menu_order":29,"comment_status":"closed","ping_status":"closed","template":"","meta":{"content-type":"","footnotes":""},"class_list":["post-9804","page","type-page","status-publish","has-post-thumbnail","hentry"],"yoast_head":"<!-- This site is optimized with the Yoast SEO plugin v27.3 - https:\/\/yoast.com\/product\/yoast-seo-wordpress\/ -->\n<title>Mentions l\u00e9gales<\/title>\n<meta name=\"description\" content=\"Page d\u00e9di\u00e9e aux traitements que SuperConnectr effectue sur les donn\u00e9es personnelles collect\u00e9es aupr\u00e8s des personnes physiques sur son site.\" \/>\n<meta name=\"robots\" content=\"index, follow, max-snippet:-1, max-image-preview:large, max-video-preview:-1\" \/>\n<link rel=\"canonical\" href=\"https:\/\/superconnectr.com\/us\/legal-notice\/\" \/>\n<meta property=\"og:locale\" content=\"en_US\" \/>\n<meta property=\"og:type\" content=\"article\" \/>\n<meta property=\"og:title\" content=\"Mentions l\u00e9gales\" \/>\n<meta property=\"og:description\" content=\"Page d\u00e9di\u00e9e aux traitements que SuperConnectr effectue sur les donn\u00e9es personnelles collect\u00e9es aupr\u00e8s des personnes physiques sur son site.\" \/>\n<meta property=\"og:url\" content=\"https:\/\/superconnectr.com\/us\/legal-notice\/\" \/>\n<meta property=\"og:site_name\" content=\"Plateforme communautaire &amp; Application des Communaut\u00e9s | SuperConnectr\" \/>\n<meta property=\"article:publisher\" content=\"https:\/\/www.facebook.com\/SuperConnectr\" \/>\n<meta property=\"article:modified_time\" content=\"2025-03-27T14:55:31+00:00\" \/>\n<meta property=\"og:image\" content=\"https:\/\/superconnectr.com\/wp-content\/uploads\/2025\/03\/Logo-SuperConnectr-2025-Blue.png\" \/>\n\t<meta property=\"og:image:width\" content=\"512\" \/>\n\t<meta property=\"og:image:height\" content=\"512\" \/>\n\t<meta property=\"og:image:type\" content=\"image\/png\" \/>\n<meta name=\"twitter:card\" content=\"summary_large_image\" \/>\n<meta name=\"twitter:site\" content=\"@SuperConnectr_\" \/>\n<meta name=\"twitter:label1\" content=\"Est. reading time\" \/>\n\t<meta name=\"twitter:data1\" content=\"8 minutes\" \/>\n<script type=\"application\/ld+json\" class=\"yoast-schema-graph\">{\"@context\":\"https:\\\/\\\/schema.org\",\"@graph\":[{\"@type\":\"WebPage\",\"@id\":\"https:\\\/\\\/superconnectr.com\\\/mentions-legales\\\/\",\"url\":\"https:\\\/\\\/superconnectr.com\\\/mentions-legales\\\/\",\"name\":\"Mentions l\u00e9gales\",\"isPartOf\":{\"@id\":\"https:\\\/\\\/superconnectr.com\\\/#website\"},\"primaryImageOfPage\":{\"@id\":\"https:\\\/\\\/superconnectr.com\\\/mentions-legales\\\/#primaryimage\"},\"image\":{\"@id\":\"https:\\\/\\\/superconnectr.com\\\/mentions-legales\\\/#primaryimage\"},\"thumbnailUrl\":\"https:\\\/\\\/superconnectr.com\\\/wp-content\\\/uploads\\\/2025\\\/03\\\/Logo-SuperConnectr-2025-Blue.png\",\"datePublished\":\"2025-03-27T08:31:04+00:00\",\"dateModified\":\"2025-03-27T14:55:31+00:00\",\"description\":\"Page d\u00e9di\u00e9e aux traitements que SuperConnectr effectue sur les donn\u00e9es personnelles collect\u00e9es aupr\u00e8s des personnes physiques sur son site.\",\"breadcrumb\":{\"@id\":\"https:\\\/\\\/superconnectr.com\\\/mentions-legales\\\/#breadcrumb\"},\"inLanguage\":\"en-US\",\"potentialAction\":[{\"@type\":\"ReadAction\",\"target\":[\"https:\\\/\\\/superconnectr.com\\\/mentions-legales\\\/\"]}]},{\"@type\":\"ImageObject\",\"inLanguage\":\"en-US\",\"@id\":\"https:\\\/\\\/superconnectr.com\\\/mentions-legales\\\/#primaryimage\",\"url\":\"https:\\\/\\\/superconnectr.com\\\/wp-content\\\/uploads\\\/2025\\\/03\\\/Logo-SuperConnectr-2025-Blue.png\",\"contentUrl\":\"https:\\\/\\\/superconnectr.com\\\/wp-content\\\/uploads\\\/2025\\\/03\\\/Logo-SuperConnectr-2025-Blue.png\",\"width\":512,\"height\":512,\"caption\":\"Logo SuperConnectr 2025 - Plateforme et Application communautaire\"},{\"@type\":\"BreadcrumbList\",\"@id\":\"https:\\\/\\\/superconnectr.com\\\/mentions-legales\\\/#breadcrumb\",\"itemListElement\":[{\"@type\":\"ListItem\",\"position\":1,\"name\":\"Accueil\",\"item\":\"https:\\\/\\\/superconnectr.com\\\/\"},{\"@type\":\"ListItem\",\"position\":2,\"name\":\"Mentions l\u00e9gales\"}]},{\"@type\":\"WebSite\",\"@id\":\"https:\\\/\\\/superconnectr.com\\\/#website\",\"url\":\"https:\\\/\\\/superconnectr.com\\\/\",\"name\":\"SuperConnectr: Plateforme communautaire & Application des Communaut\u00e9s\",\"description\":\"Plateforme communautaire &amp; Application de votre Communaut\u00e9\",\"publisher\":{\"@id\":\"https:\\\/\\\/superconnectr.com\\\/#organization\"},\"alternateName\":\"Plateforme communautaire et Application communautaire\",\"potentialAction\":[{\"@type\":\"SearchAction\",\"target\":{\"@type\":\"EntryPoint\",\"urlTemplate\":\"https:\\\/\\\/superconnectr.com\\\/?s={search_term_string}\"},\"query-input\":{\"@type\":\"PropertyValueSpecification\",\"valueRequired\":true,\"valueName\":\"search_term_string\"}}],\"inLanguage\":\"en-US\"},{\"@type\":\"Organization\",\"@id\":\"https:\\\/\\\/superconnectr.com\\\/#organization\",\"name\":\"SuperConnectr\",\"alternateName\":\"SuperConnectr\",\"url\":\"https:\\\/\\\/superconnectr.com\\\/\",\"logo\":{\"@type\":\"ImageObject\",\"inLanguage\":\"en-US\",\"@id\":\"https:\\\/\\\/superconnectr.com\\\/#\\\/schema\\\/logo\\\/image\\\/\",\"url\":\"https:\\\/\\\/superconnectr.com\\\/wp-content\\\/uploads\\\/2026\\\/01\\\/cropped-Logo-SuperConnectr-Octobre-2024-transparent-1.png\",\"contentUrl\":\"https:\\\/\\\/superconnectr.com\\\/wp-content\\\/uploads\\\/2026\\\/01\\\/cropped-Logo-SuperConnectr-Octobre-2024-transparent-1.png\",\"width\":511,\"height\":427,\"caption\":\"SuperConnectr\"},\"image\":{\"@id\":\"https:\\\/\\\/superconnectr.com\\\/#\\\/schema\\\/logo\\\/image\\\/\"},\"sameAs\":[\"https:\\\/\\\/www.facebook.com\\\/SuperConnectr\",\"https:\\\/\\\/x.com\\\/SuperConnectr_\",\"https:\\\/\\\/www.linkedin.com\\\/company\\\/superconnectr\",\"https:\\\/\\\/www.youtube.com\\\/channel\\\/UCjWh6H9a1XinYfMd0QDPTZA\\\/\"]}]}<\/script>\n<!-- \/ Yoast SEO plugin. -->","yoast_head_json":{"title":"Terms of use","description":"Page dedicated to the processing that SuperConnectr carries out on personal data collected from individuals on its site.","robots":{"index":"index","follow":"follow","max-snippet":"max-snippet:-1","max-image-preview":"max-image-preview:large","max-video-preview":"max-video-preview:-1"},"canonical":"https:\/\/superconnectr.com\/us\/legal-notice\/","og_locale":"en_US","og_type":"article","og_title":"Mentions l\u00e9gales","og_description":"Page d\u00e9di\u00e9e aux traitements que SuperConnectr effectue sur les donn\u00e9es personnelles collect\u00e9es aupr\u00e8s des personnes physiques sur son site.","og_url":"https:\/\/superconnectr.com\/us\/legal-notice\/","og_site_name":"Plateforme communautaire &amp; Application des Communaut\u00e9s | SuperConnectr","article_publisher":"https:\/\/www.facebook.com\/SuperConnectr","article_modified_time":"2025-03-27T14:55:31+00:00","og_image":[{"width":512,"height":512,"url":"https:\/\/superconnectr.com\/wp-content\/uploads\/2025\/03\/Logo-SuperConnectr-2025-Blue.png","type":"image\/png"}],"twitter_card":"summary_large_image","twitter_site":"@SuperConnectr_","twitter_misc":{"Est. reading time":"8 minutes"},"schema":{"@context":"https:\/\/schema.org","@graph":[{"@type":"WebPage","@id":"https:\/\/superconnectr.com\/mentions-legales\/","url":"https:\/\/superconnectr.com\/mentions-legales\/","name":"Terms of use","isPartOf":{"@id":"https:\/\/superconnectr.com\/#website"},"primaryImageOfPage":{"@id":"https:\/\/superconnectr.com\/mentions-legales\/#primaryimage"},"image":{"@id":"https:\/\/superconnectr.com\/mentions-legales\/#primaryimage"},"thumbnailUrl":"https:\/\/superconnectr.com\/wp-content\/uploads\/2025\/03\/Logo-SuperConnectr-2025-Blue.png","datePublished":"2025-03-27T08:31:04+00:00","dateModified":"2025-03-27T14:55:31+00:00","description":"Page dedicated to the processing that SuperConnectr carries out on personal data collected from individuals on its site.","breadcrumb":{"@id":"https:\/\/superconnectr.com\/mentions-legales\/#breadcrumb"},"inLanguage":"en-US","potentialAction":[{"@type":"ReadAction","target":["https:\/\/superconnectr.com\/mentions-legales\/"]}]},{"@type":"ImageObject","inLanguage":"en-US","@id":"https:\/\/superconnectr.com\/mentions-legales\/#primaryimage","url":"https:\/\/superconnectr.com\/wp-content\/uploads\/2025\/03\/Logo-SuperConnectr-2025-Blue.png","contentUrl":"https:\/\/superconnectr.com\/wp-content\/uploads\/2025\/03\/Logo-SuperConnectr-2025-Blue.png","width":512,"height":512,"caption":"Logo SuperConnectr 2025 - Plateforme et Application communautaire"},{"@type":"BreadcrumbList","@id":"https:\/\/superconnectr.com\/mentions-legales\/#breadcrumb","itemListElement":[{"@type":"ListItem","position":1,"name":"Accueil","item":"https:\/\/superconnectr.com\/"},{"@type":"ListItem","position":2,"name":"Mentions l\u00e9gales"}]},{"@type":"WebSite","@id":"https:\/\/superconnectr.com\/#website","url":"https:\/\/superconnectr.com\/","name":"SuperConnectr: Community Platform &amp; Community App","description":"Community Platform &amp; Community Application","publisher":{"@id":"https:\/\/superconnectr.com\/#organization"},"alternateName":"Plateforme communautaire et Application communautaire","potentialAction":[{"@type":"SearchAction","target":{"@type":"EntryPoint","urlTemplate":"https:\/\/superconnectr.com\/?s={search_term_string}"},"query-input":{"@type":"PropertyValueSpecification","valueRequired":true,"valueName":"search_term_string"}}],"inLanguage":"en-US"},{"@type":"Organization","@id":"https:\/\/superconnectr.com\/#organization","name":"SuperConnectr","alternateName":"SuperConnectr","url":"https:\/\/superconnectr.com\/","logo":{"@type":"ImageObject","inLanguage":"en-US","@id":"https:\/\/superconnectr.com\/#\/schema\/logo\/image\/","url":"https:\/\/superconnectr.com\/wp-content\/uploads\/2026\/01\/cropped-Logo-SuperConnectr-Octobre-2024-transparent-1.png","contentUrl":"https:\/\/superconnectr.com\/wp-content\/uploads\/2026\/01\/cropped-Logo-SuperConnectr-Octobre-2024-transparent-1.png","width":511,"height":427,"caption":"SuperConnectr"},"image":{"@id":"https:\/\/superconnectr.com\/#\/schema\/logo\/image\/"},"sameAs":["https:\/\/www.facebook.com\/SuperConnectr","https:\/\/x.com\/SuperConnectr_","https:\/\/www.linkedin.com\/company\/superconnectr","https:\/\/www.youtube.com\/channel\/UCjWh6H9a1XinYfMd0QDPTZA\/"]}]}},"_links":{"self":[{"href":"https:\/\/superconnectr.com\/us\/wp-json\/wp\/v2\/pages\/9804","targetHints":{"allow":["GET"]}}],"collection":[{"href":"https:\/\/superconnectr.com\/us\/wp-json\/wp\/v2\/pages"}],"about":[{"href":"https:\/\/superconnectr.com\/us\/wp-json\/wp\/v2\/types\/page"}],"author":[{"embeddable":true,"href":"https:\/\/superconnectr.com\/us\/wp-json\/wp\/v2\/users\/2"}],"replies":[{"embeddable":true,"href":"https:\/\/superconnectr.com\/us\/wp-json\/wp\/v2\/comments?post=9804"}],"version-history":[{"count":10,"href":"https:\/\/superconnectr.com\/us\/wp-json\/wp\/v2\/pages\/9804\/revisions"}],"predecessor-version":[{"id":9816,"href":"https:\/\/superconnectr.com\/us\/wp-json\/wp\/v2\/pages\/9804\/revisions\/9816"}],"wp:featuredmedia":[{"embeddable":true,"href":"https:\/\/superconnectr.com\/us\/wp-json\/wp\/v2\/media\/9561"}],"wp:attachment":[{"href":"https:\/\/superconnectr.com\/us\/wp-json\/wp\/v2\/media?parent=9804"}],"curies":[{"name":"wp","href":"https:\/\/api.w.org\/{rel}","templated":true}]}}