{"id":5237,"date":"2022-04-08T14:36:10","date_gmt":"2022-04-08T12:36:10","guid":{"rendered":"https:\/\/superconnectr.com\/?page_id=5237"},"modified":"2025-11-20T09:51:12","modified_gmt":"2025-11-20T08:51:12","slug":"request-a-demo","status":"publish","type":"page","link":"https:\/\/superconnectr.com\/us\/demander-une-demo\/","title":{"rendered":"Book a demo"},"content":{"rendered":"<div data-elementor-type=\"wp-page\" data-elementor-id=\"5237\" class=\"elementor elementor-5237\" data-elementor-post-type=\"page\">\n\t\t\t\t\t\t<section class=\"elementor-section elementor-top-section elementor-element elementor-element-8f89f3d elementor-section-boxed elementor-section-height-default elementor-section-height-default\" data-id=\"8f89f3d\" data-element_type=\"section\" data-e-type=\"section\">\n\t\t\t\t\t\t<div class=\"elementor-container elementor-column-gap-default\">\n\t\t\t\t\t<div class=\"elementor-column elementor-col-50 elementor-top-column elementor-element elementor-element-e98a855\" data-id=\"e98a855\" data-element_type=\"column\" data-e-type=\"column\">\n\t\t\t<div class=\"elementor-widget-wrap elementor-element-populated\">\n\t\t\t\t\t\t<div class=\"elementor-element elementor-element-39e869c elementor-widget elementor-widget-spacer\" data-id=\"39e869c\" data-element_type=\"widget\" data-e-type=\"widget\" data-widget_type=\"spacer.default\">\n\t\t\t\t<div class=\"elementor-widget-container\">\n\t\t\t\t\t\t\t<div class=\"elementor-spacer\">\n\t\t\t<div class=\"elementor-spacer-inner\"><\/div>\n\t\t<\/div>\n\t\t\t\t\t\t<\/div>\n\t\t\t\t<\/div>\n\t\t\t\t<div class=\"elementor-element elementor-element-8b36ce8 elementor-widget elementor-widget-heading\" data-id=\"8b36ce8\" data-element_type=\"widget\" data-e-type=\"widget\" data-widget_type=\"heading.default\">\n\t\t\t\t<div class=\"elementor-widget-container\">\n\t\t\t\t\t<h1 class=\"elementor-heading-title elementor-size-xxl\">Book a demo and unleash the power of your community.<\/h1>\t\t\t\t<\/div>\n\t\t\t\t<\/div>\n\t\t\t\t<div class=\"elementor-element elementor-element-a17089a elementor-widget elementor-widget-text-editor\" data-id=\"a17089a\" data-element_type=\"widget\" data-e-type=\"widget\" data-widget_type=\"text-editor.default\">\n\t\t\t\t<div class=\"elementor-widget-container\">\n\t\t\t\t\t\t\t\t\t<p>Find out how we can help you manage, animate and enhance your community.<\/p><p><strong>Request a demo to discover your all-in-one community platform and mobile application, 100%, customized with your brand universe!<\/strong><\/p>\t\t\t\t\t\t\t\t<\/div>\n\t\t\t\t<\/div>\n\t\t\t\t<div class=\"elementor-element elementor-element-3bfc914 elementor-widget elementor-widget-image-carousel\" data-id=\"3bfc914\" data-element_type=\"widget\" data-e-type=\"widget\" data-settings=\"{&quot;slides_to_show&quot;:&quot;5&quot;,&quot;navigation&quot;:&quot;none&quot;,&quot;slides_to_scroll&quot;:&quot;5&quot;,&quot;autoplay&quot;:&quot;yes&quot;,&quot;pause_on_hover&quot;:&quot;yes&quot;,&quot;pause_on_interaction&quot;:&quot;yes&quot;,&quot;autoplay_speed&quot;:5000,&quot;infinite&quot;:&quot;yes&quot;,&quot;speed&quot;:500}\" data-widget_type=\"image-carousel.default\">\n\t\t\t\t<div class=\"elementor-widget-container\">\n\t\t\t\t\t\t\t<div class=\"elementor-image-carousel-wrapper swiper\" role=\"region\" aria-roledescription=\"carousel\" aria-label=\"Image carousel\" dir=\"ltr\">\n\t\t\t<div class=\"elementor-image-carousel swiper-wrapper\" aria-live=\"off\">\n\t\t\t\t\t\t\t\t<div class=\"swiper-slide\" role=\"group\" aria-roledescription=\"slide\" aria-label=\"1 of 7\" data-no-translation-aria-label=\"\"><figure class=\"swiper-slide-inner\"><img data-rjs=\"2\" decoding=\"async\" class=\"swiper-slide-image\" src=\"https:\/\/superconnectr.com\/wp-content\/uploads\/2023\/09\/16-300x300.png\" alt=\"MEDEF - Community\" \/><\/figure><\/div><div class=\"swiper-slide\" role=\"group\" aria-roledescription=\"slide\" aria-label=\"2 of 7\" data-no-translation-aria-label=\"\"><figure class=\"swiper-slide-inner\"><img data-rjs=\"2\" decoding=\"async\" class=\"swiper-slide-image\" src=\"https:\/\/superconnectr.com\/wp-content\/uploads\/2023\/09\/logo_app-2-300x300.jpeg\" alt=\"Lyon Place Financi\u00e8re - Community\" \/><\/figure><\/div><div class=\"swiper-slide\" role=\"group\" aria-roledescription=\"slide\" aria-label=\"3 of 7\" data-no-translation-aria-label=\"\"><figure class=\"swiper-slide-inner\"><img data-rjs=\"2\" decoding=\"async\" class=\"swiper-slide-image\" src=\"https:\/\/superconnectr.com\/wp-content\/uploads\/2023\/09\/7-300x300.png\" alt=\"Klub Affaires Stade Rennais - Community\" \/><\/figure><\/div><div class=\"swiper-slide\" role=\"group\" aria-roledescription=\"slide\" aria-label=\"4 of 7\" data-no-translation-aria-label=\"\"><figure class=\"swiper-slide-inner\"><img data-rjs=\"2\" decoding=\"async\" class=\"swiper-slide-image\" src=\"https:\/\/superconnectr.com\/wp-content\/uploads\/2023\/09\/CPME94-300x300.png\" alt=\"CPME94 - Community\" \/><\/figure><\/div><div class=\"swiper-slide\" role=\"group\" aria-roledescription=\"slide\" aria-label=\"5 of 7\" data-no-translation-aria-label=\"\"><figure class=\"swiper-slide-inner\"><img data-rjs=\"2\" decoding=\"async\" class=\"swiper-slide-image\" src=\"https:\/\/superconnectr.com\/wp-content\/uploads\/2023\/09\/LES-NAPOLEONS-8-300x300.png\" alt=\"The Napoleons - Community\" \/><\/figure><\/div><div class=\"swiper-slide\" role=\"group\" aria-roledescription=\"slide\" aria-label=\"6 of 7\" data-no-translation-aria-label=\"\"><figure class=\"swiper-slide-inner\"><img data-rjs=\"2\" decoding=\"async\" class=\"swiper-slide-image\" src=\"https:\/\/superconnectr.com\/wp-content\/uploads\/2023\/09\/75-300x300.png\" alt=\"LDLC ASVEL F\u00e9minin - Community\" \/><\/figure><\/div><div class=\"swiper-slide\" role=\"group\" aria-roledescription=\"slide\" aria-label=\"7 of 7\" data-no-translation-aria-label=\"\"><figure class=\"swiper-slide-inner\"><img data-rjs=\"2\" decoding=\"async\" class=\"swiper-slide-image\" src=\"https:\/\/superconnectr.com\/wp-content\/uploads\/2023\/09\/LABEL-DENT-1-300x300.png\" alt=\"Label Dent - Network\" \/><\/figure><\/div>\t\t\t<\/div>\n\t\t\t\t\t\t\t\n\t\t\t\t\t\t\t\t\t<\/div>\n\t\t\t\t\t\t<\/div>\n\t\t\t\t<\/div>\n\t\t\t\t<div class=\"elementor-element elementor-element-a694cd9 elementor-widget elementor-widget-spacer\" data-id=\"a694cd9\" data-element_type=\"widget\" data-e-type=\"widget\" data-widget_type=\"spacer.default\">\n\t\t\t\t<div class=\"elementor-widget-container\">\n\t\t\t\t\t\t\t<div class=\"elementor-spacer\">\n\t\t\t<div class=\"elementor-spacer-inner\"><\/div>\n\t\t<\/div>\n\t\t\t\t\t\t<\/div>\n\t\t\t\t<\/div>\n\t\t\t\t\t<\/div>\n\t\t<\/div>\n\t\t\t\t<div class=\"elementor-column elementor-col-50 elementor-top-column elementor-element elementor-element-7a3f659\" data-id=\"7a3f659\" data-element_type=\"column\" data-e-type=\"column\">\n\t\t\t<div class=\"elementor-widget-wrap elementor-element-populated\">\n\t\t\t\t\t\t<div class=\"elementor-element elementor-element-a07428b elementor-widget elementor-widget-spacer\" data-id=\"a07428b\" data-element_type=\"widget\" data-e-type=\"widget\" data-widget_type=\"spacer.default\">\n\t\t\t\t<div class=\"elementor-widget-container\">\n\t\t\t\t\t\t\t<div class=\"elementor-spacer\">\n\t\t\t<div class=\"elementor-spacer-inner\"><\/div>\n\t\t<\/div>\n\t\t\t\t\t\t<\/div>\n\t\t\t\t<\/div>\n\t\t\t\t<div class=\"elementor-element elementor-element-1c8459f elementor-widget elementor-widget-html\" data-id=\"1c8459f\" data-element_type=\"widget\" data-e-type=\"widget\" data-widget_type=\"html.default\">\n\t\t\t\t<div class=\"elementor-widget-container\">\n\t\t\t\t\t<script charset=\"utf-8\" type=\"text\/javascript\" src=\"\/\/js.hsforms.net\/forms\/embed\/v2.js\"><\/script>\n<script>\n  hbspt.forms.create({\n    portalId: \"5106149\",\n    formId: \"4e08d55c-d4a7-48c4-8b47-be780130a17d\",\n    region: \"na1\"\n  });\n<\/script>\t\t\t\t<\/div>\n\t\t\t\t<\/div>\n\t\t\t\t<div class=\"elementor-element elementor-element-0715832 elementor-widget elementor-widget-spacer\" data-id=\"0715832\" data-element_type=\"widget\" data-e-type=\"widget\" data-widget_type=\"spacer.default\">\n\t\t\t\t<div class=\"elementor-widget-container\">\n\t\t\t\t\t\t\t<div class=\"elementor-spacer\">\n\t\t\t<div class=\"elementor-spacer-inner\"><\/div>\n\t\t<\/div>\n\t\t\t\t\t\t<\/div>\n\t\t\t\t<\/div>\n\t\t\t\t\t<\/div>\n\t\t<\/div>\n\t\t\t\t\t<\/div>\n\t\t<\/section>\n\t\t\t\t<\/div>","protected":false},"excerpt":{"rendered":"<p>Book a demo and unlock the power of your community. Discover how we can help you manage, animate and enhance your community. Request a demo to discover your all-in-one community platform and mobile application, 100%, personalized with your ... <a href=\"https:\/\/superconnectr.com\/us\/demander-une-demo\/\">Read More<\/a><\/p>","protected":false},"author":2,"featured_media":9561,"parent":0,"menu_order":0,"comment_status":"closed","ping_status":"closed","template":"","meta":{"content-type":"","footnotes":""},"class_list":["post-5237","page","type-page","status-publish","has-post-thumbnail","hentry"],"yoast_head":"<!-- This site is optimized with the Yoast SEO plugin v27.3 - https:\/\/yoast.com\/product\/yoast-seo-wordpress\/ -->\n<title>Demander une d\u00e9mo<\/title>\n<meta name=\"description\" content=\"Demandez une d\u00e9mo pour d\u00e9couvrir votre prochaine plateforme et application communautaire, 100% personnalis\u00e9e aux couleurs de votre marque !\" \/>\n<meta name=\"robots\" content=\"index, follow, max-snippet:-1, max-image-preview:large, max-video-preview:-1\" \/>\n<link rel=\"canonical\" href=\"https:\/\/superconnectr.com\/us\/request-a-demo\/\" \/>\n<meta property=\"og:locale\" content=\"en_US\" \/>\n<meta property=\"og:type\" content=\"article\" \/>\n<meta property=\"og:title\" content=\"Demander une d\u00e9mo\" \/>\n<meta property=\"og:description\" content=\"Demandez une d\u00e9mo pour d\u00e9couvrir votre prochaine plateforme et application communautaire, 100% personnalis\u00e9e aux couleurs de votre marque !\" \/>\n<meta property=\"og:url\" content=\"https:\/\/superconnectr.com\/us\/request-a-demo\/\" \/>\n<meta property=\"og:site_name\" content=\"Plateforme communautaire &amp; Application des Communaut\u00e9s | SuperConnectr\" \/>\n<meta property=\"article:publisher\" content=\"https:\/\/www.facebook.com\/SuperConnectr\" \/>\n<meta property=\"article:modified_time\" content=\"2025-11-20T08:51:12+00:00\" \/>\n<meta property=\"og:image\" content=\"https:\/\/superconnectr.com\/wp-content\/uploads\/2025\/03\/Logo-SuperConnectr-2025-Blue.png\" \/>\n\t<meta property=\"og:image:width\" content=\"512\" \/>\n\t<meta property=\"og:image:height\" content=\"512\" \/>\n\t<meta property=\"og:image:type\" content=\"image\/png\" \/>\n<meta name=\"twitter:card\" content=\"summary_large_image\" \/>\n<meta name=\"twitter:site\" content=\"@SuperConnectr_\" \/>\n<meta name=\"twitter:label1\" content=\"Est. reading time\" \/>\n\t<meta name=\"twitter:data1\" content=\"4 minutes\" \/>\n<script type=\"application\/ld+json\" class=\"yoast-schema-graph\">{\"@context\":\"https:\\\/\\\/schema.org\",\"@graph\":[{\"@type\":\"WebPage\",\"@id\":\"https:\\\/\\\/superconnectr.com\\\/demander-une-demo\\\/\",\"url\":\"https:\\\/\\\/superconnectr.com\\\/demander-une-demo\\\/\",\"name\":\"Demander une d\u00e9mo\",\"isPartOf\":{\"@id\":\"https:\\\/\\\/superconnectr.com\\\/#website\"},\"primaryImageOfPage\":{\"@id\":\"https:\\\/\\\/superconnectr.com\\\/demander-une-demo\\\/#primaryimage\"},\"image\":{\"@id\":\"https:\\\/\\\/superconnectr.com\\\/demander-une-demo\\\/#primaryimage\"},\"thumbnailUrl\":\"https:\\\/\\\/superconnectr.com\\\/wp-content\\\/uploads\\\/2025\\\/03\\\/Logo-SuperConnectr-2025-Blue.png\",\"datePublished\":\"2022-04-08T12:36:10+00:00\",\"dateModified\":\"2025-11-20T08:51:12+00:00\",\"description\":\"Demandez une d\u00e9mo pour d\u00e9couvrir votre prochaine plateforme et application communautaire, 100% personnalis\u00e9e aux couleurs de votre marque !\",\"breadcrumb\":{\"@id\":\"https:\\\/\\\/superconnectr.com\\\/demander-une-demo\\\/#breadcrumb\"},\"inLanguage\":\"en-US\",\"potentialAction\":[{\"@type\":\"ReadAction\",\"target\":[\"https:\\\/\\\/superconnectr.com\\\/demander-une-demo\\\/\"]}]},{\"@type\":\"ImageObject\",\"inLanguage\":\"en-US\",\"@id\":\"https:\\\/\\\/superconnectr.com\\\/demander-une-demo\\\/#primaryimage\",\"url\":\"https:\\\/\\\/superconnectr.com\\\/wp-content\\\/uploads\\\/2025\\\/03\\\/Logo-SuperConnectr-2025-Blue.png\",\"contentUrl\":\"https:\\\/\\\/superconnectr.com\\\/wp-content\\\/uploads\\\/2025\\\/03\\\/Logo-SuperConnectr-2025-Blue.png\",\"width\":512,\"height\":512,\"caption\":\"Logo SuperConnectr 2025 - Plateforme et Application communautaire\"},{\"@type\":\"BreadcrumbList\",\"@id\":\"https:\\\/\\\/superconnectr.com\\\/demander-une-demo\\\/#breadcrumb\",\"itemListElement\":[{\"@type\":\"ListItem\",\"position\":1,\"name\":\"Accueil\",\"item\":\"https:\\\/\\\/superconnectr.com\\\/\"},{\"@type\":\"ListItem\",\"position\":2,\"name\":\"Demander une d\u00e9mo\"}]},{\"@type\":\"WebSite\",\"@id\":\"https:\\\/\\\/superconnectr.com\\\/#website\",\"url\":\"https:\\\/\\\/superconnectr.com\\\/\",\"name\":\"SuperConnectr: Plateforme communautaire & Application des Communaut\u00e9s\",\"description\":\"Plateforme communautaire &amp; Application de votre Communaut\u00e9\",\"publisher\":{\"@id\":\"https:\\\/\\\/superconnectr.com\\\/#organization\"},\"alternateName\":\"Plateforme communautaire et Application communautaire\",\"potentialAction\":[{\"@type\":\"SearchAction\",\"target\":{\"@type\":\"EntryPoint\",\"urlTemplate\":\"https:\\\/\\\/superconnectr.com\\\/?s={search_term_string}\"},\"query-input\":{\"@type\":\"PropertyValueSpecification\",\"valueRequired\":true,\"valueName\":\"search_term_string\"}}],\"inLanguage\":\"en-US\"},{\"@type\":\"Organization\",\"@id\":\"https:\\\/\\\/superconnectr.com\\\/#organization\",\"name\":\"SuperConnectr\",\"alternateName\":\"SuperConnectr\",\"url\":\"https:\\\/\\\/superconnectr.com\\\/\",\"logo\":{\"@type\":\"ImageObject\",\"inLanguage\":\"en-US\",\"@id\":\"https:\\\/\\\/superconnectr.com\\\/#\\\/schema\\\/logo\\\/image\\\/\",\"url\":\"https:\\\/\\\/superconnectr.com\\\/wp-content\\\/uploads\\\/2026\\\/01\\\/cropped-Logo-SuperConnectr-Octobre-2024-transparent-1.png\",\"contentUrl\":\"https:\\\/\\\/superconnectr.com\\\/wp-content\\\/uploads\\\/2026\\\/01\\\/cropped-Logo-SuperConnectr-Octobre-2024-transparent-1.png\",\"width\":511,\"height\":427,\"caption\":\"SuperConnectr\"},\"image\":{\"@id\":\"https:\\\/\\\/superconnectr.com\\\/#\\\/schema\\\/logo\\\/image\\\/\"},\"sameAs\":[\"https:\\\/\\\/www.facebook.com\\\/SuperConnectr\",\"https:\\\/\\\/x.com\\\/SuperConnectr_\",\"https:\\\/\\\/www.linkedin.com\\\/company\\\/superconnectr\",\"https:\\\/\\\/www.youtube.com\\\/channel\\\/UCjWh6H9a1XinYfMd0QDPTZA\\\/\"]}]}<\/script>\n<!-- \/ Yoast SEO plugin. -->","yoast_head_json":{"title":"Book a demo","description":"Request a demo to discover your next community platform and application, 100%, customized to your brand's colors!","robots":{"index":"index","follow":"follow","max-snippet":"max-snippet:-1","max-image-preview":"max-image-preview:large","max-video-preview":"max-video-preview:-1"},"canonical":"https:\/\/superconnectr.com\/us\/request-a-demo\/","og_locale":"en_US","og_type":"article","og_title":"Demander une d\u00e9mo","og_description":"Demandez une d\u00e9mo pour d\u00e9couvrir votre prochaine plateforme et application communautaire, 100% personnalis\u00e9e aux couleurs de votre marque !","og_url":"https:\/\/superconnectr.com\/us\/request-a-demo\/","og_site_name":"Plateforme communautaire &amp; Application des Communaut\u00e9s | SuperConnectr","article_publisher":"https:\/\/www.facebook.com\/SuperConnectr","article_modified_time":"2025-11-20T08:51:12+00:00","og_image":[{"width":512,"height":512,"url":"https:\/\/superconnectr.com\/wp-content\/uploads\/2025\/03\/Logo-SuperConnectr-2025-Blue.png","type":"image\/png"}],"twitter_card":"summary_large_image","twitter_site":"@SuperConnectr_","twitter_misc":{"Est. reading time":"4 minutes"},"schema":{"@context":"https:\/\/schema.org","@graph":[{"@type":"WebPage","@id":"https:\/\/superconnectr.com\/demander-une-demo\/","url":"https:\/\/superconnectr.com\/demander-une-demo\/","name":"Book a demo","isPartOf":{"@id":"https:\/\/superconnectr.com\/#website"},"primaryImageOfPage":{"@id":"https:\/\/superconnectr.com\/demander-une-demo\/#primaryimage"},"image":{"@id":"https:\/\/superconnectr.com\/demander-une-demo\/#primaryimage"},"thumbnailUrl":"https:\/\/superconnectr.com\/wp-content\/uploads\/2025\/03\/Logo-SuperConnectr-2025-Blue.png","datePublished":"2022-04-08T12:36:10+00:00","dateModified":"2025-11-20T08:51:12+00:00","description":"Request a demo to discover your next community platform and application, 100%, customized to your brand's colors!","breadcrumb":{"@id":"https:\/\/superconnectr.com\/demander-une-demo\/#breadcrumb"},"inLanguage":"en-US","potentialAction":[{"@type":"ReadAction","target":["https:\/\/superconnectr.com\/demander-une-demo\/"]}]},{"@type":"ImageObject","inLanguage":"en-US","@id":"https:\/\/superconnectr.com\/demander-une-demo\/#primaryimage","url":"https:\/\/superconnectr.com\/wp-content\/uploads\/2025\/03\/Logo-SuperConnectr-2025-Blue.png","contentUrl":"https:\/\/superconnectr.com\/wp-content\/uploads\/2025\/03\/Logo-SuperConnectr-2025-Blue.png","width":512,"height":512,"caption":"Logo SuperConnectr 2025 - Plateforme et Application communautaire"},{"@type":"BreadcrumbList","@id":"https:\/\/superconnectr.com\/demander-une-demo\/#breadcrumb","itemListElement":[{"@type":"ListItem","position":1,"name":"Accueil","item":"https:\/\/superconnectr.com\/"},{"@type":"ListItem","position":2,"name":"Demander une d\u00e9mo"}]},{"@type":"WebSite","@id":"https:\/\/superconnectr.com\/#website","url":"https:\/\/superconnectr.com\/","name":"SuperConnectr: Community Platform &amp; Community App","description":"Community Platform &amp; Community Application","publisher":{"@id":"https:\/\/superconnectr.com\/#organization"},"alternateName":"Plateforme communautaire et Application communautaire","potentialAction":[{"@type":"SearchAction","target":{"@type":"EntryPoint","urlTemplate":"https:\/\/superconnectr.com\/?s={search_term_string}"},"query-input":{"@type":"PropertyValueSpecification","valueRequired":true,"valueName":"search_term_string"}}],"inLanguage":"en-US"},{"@type":"Organization","@id":"https:\/\/superconnectr.com\/#organization","name":"SuperConnectr","alternateName":"SuperConnectr","url":"https:\/\/superconnectr.com\/","logo":{"@type":"ImageObject","inLanguage":"en-US","@id":"https:\/\/superconnectr.com\/#\/schema\/logo\/image\/","url":"https:\/\/superconnectr.com\/wp-content\/uploads\/2026\/01\/cropped-Logo-SuperConnectr-Octobre-2024-transparent-1.png","contentUrl":"https:\/\/superconnectr.com\/wp-content\/uploads\/2026\/01\/cropped-Logo-SuperConnectr-Octobre-2024-transparent-1.png","width":511,"height":427,"caption":"SuperConnectr"},"image":{"@id":"https:\/\/superconnectr.com\/#\/schema\/logo\/image\/"},"sameAs":["https:\/\/www.facebook.com\/SuperConnectr","https:\/\/x.com\/SuperConnectr_","https:\/\/www.linkedin.com\/company\/superconnectr","https:\/\/www.youtube.com\/channel\/UCjWh6H9a1XinYfMd0QDPTZA\/"]}]}},"_links":{"self":[{"href":"https:\/\/superconnectr.com\/us\/wp-json\/wp\/v2\/pages\/5237","targetHints":{"allow":["GET"]}}],"collection":[{"href":"https:\/\/superconnectr.com\/us\/wp-json\/wp\/v2\/pages"}],"about":[{"href":"https:\/\/superconnectr.com\/us\/wp-json\/wp\/v2\/types\/page"}],"author":[{"embeddable":true,"href":"https:\/\/superconnectr.com\/us\/wp-json\/wp\/v2\/users\/2"}],"replies":[{"embeddable":true,"href":"https:\/\/superconnectr.com\/us\/wp-json\/wp\/v2\/comments?post=5237"}],"version-history":[{"count":127,"href":"https:\/\/superconnectr.com\/us\/wp-json\/wp\/v2\/pages\/5237\/revisions"}],"predecessor-version":[{"id":10414,"href":"https:\/\/superconnectr.com\/us\/wp-json\/wp\/v2\/pages\/5237\/revisions\/10414"}],"wp:featuredmedia":[{"embeddable":true,"href":"https:\/\/superconnectr.com\/us\/wp-json\/wp\/v2\/media\/9561"}],"wp:attachment":[{"href":"https:\/\/superconnectr.com\/us\/wp-json\/wp\/v2\/media?parent=5237"}],"curies":[{"name":"wp","href":"https:\/\/api.w.org\/{rel}","templated":true}]}}