{"id":137,"date":"2017-05-31T05:05:41","date_gmt":"2017-05-31T05:05:41","guid":{"rendered":"http:\/\/import.themovation.com\/embark\/river-rafting\/?page_id=167"},"modified":"2025-11-20T09:46:23","modified_gmt":"2025-11-20T08:46:23","slug":"contact","status":"publish","type":"page","link":"https:\/\/superconnectr.com\/us\/contact\/","title":{"rendered":"Contact SuperConnectr"},"content":{"rendered":"<div data-elementor-type=\"wp-post\" data-elementor-id=\"137\" class=\"elementor elementor-137\" data-elementor-post-type=\"page\">\n\t\t\t\t\t\t<section class=\"elementor-section elementor-top-section elementor-element elementor-element-qgk6sn0 elementor-section-boxed elementor-section-height-default elementor-section-height-default\" data-id=\"qgk6sn0\" data-element_type=\"section\" data-e-type=\"section\" data-settings=\"{&quot;background_background&quot;:&quot;classic&quot;}\">\n\t\t\t\t\t\t<div class=\"elementor-container elementor-column-gap-default\">\n\t\t\t\t\t<div class=\"elementor-column elementor-col-100 elementor-top-column elementor-element elementor-element-uaw4tj7\" data-id=\"uaw4tj7\" data-element_type=\"column\" data-e-type=\"column\">\n\t\t\t<div class=\"elementor-widget-wrap elementor-element-populated\">\n\t\t\t\t\t\t<div class=\"elementor-element elementor-element-l1yaoi4 elementor-view-default elementor-position-top elementor-invisible elementor-widget elementor-widget-themo-header\" data-id=\"l1yaoi4\" data-element_type=\"widget\" data-e-type=\"widget\" data-settings=\"{&quot;_animation&quot;:&quot;fadeInUp&quot;}\" data-widget_type=\"themo-header.default\">\n\t\t\t\t<div class=\"elementor-widget-container\">\n\t\t\t\t\t\t\t<div class=\"th-header-wrap\">\n        <div class=\"elementor-icon-box-wrapper\">\n                            <div class=\"elementor-icon-box-content\">\n                    <h1 class=\"elementor-icon-box-title\">\n                        Contact us!                    <\/h1>\n                                        <p class=\"elementor-icon-box-description\">\nContact SuperConnectr, the all-in-one community platform.\nOur team is here to help you manage, animate and enhance your community.<\/p>\n\n                                    <\/div>\n            <\/div>\n\n        <\/div>\n\n\t\t\t\t\t\t<\/div>\n\t\t\t\t<\/div>\n\t\t\t\t\t<\/div>\n\t\t<\/div>\n\t\t\t\t\t<\/div>\n\t\t<\/section>\n\t\t\t\t<section class=\"elementor-section elementor-top-section elementor-element elementor-element-o7twky5 elementor-section-boxed elementor-section-height-default elementor-section-height-default\" data-id=\"o7twky5\" data-element_type=\"section\" data-e-type=\"section\">\n\t\t\t\t\t\t<div class=\"elementor-container elementor-column-gap-extended\">\n\t\t\t\t\t<div class=\"elementor-column elementor-col-50 elementor-top-column elementor-element elementor-element-xcn0qg2\" data-id=\"xcn0qg2\" data-element_type=\"column\" data-e-type=\"column\">\n\t\t\t<div class=\"elementor-widget-wrap elementor-element-populated\">\n\t\t\t\t\t\t<div class=\"elementor-element elementor-element-chif2hj elementor-widget elementor-widget-spacer\" data-id=\"chif2hj\" data-element_type=\"widget\" data-e-type=\"widget\" data-widget_type=\"spacer.default\">\n\t\t\t\t<div class=\"elementor-widget-container\">\n\t\t\t\t\t\t\t<div class=\"elementor-spacer\">\n\t\t\t<div class=\"elementor-spacer-inner\"><\/div>\n\t\t<\/div>\n\t\t\t\t\t\t<\/div>\n\t\t\t\t<\/div>\n\t\t\t\t<div class=\"elementor-element elementor-element-41dd65f elementor-position-left elementor-view-default elementor-invisible elementor-widget elementor-widget-themo-service-block\" data-id=\"41dd65f\" data-element_type=\"widget\" data-e-type=\"widget\" data-settings=\"{&quot;_animation&quot;:&quot;fadeInUp&quot;,&quot;_animation_delay&quot;:50}\" data-widget_type=\"themo-service-block.default\">\n\t\t\t\t<div class=\"elementor-widget-container\">\n\t\t\t\t\t\t\t<div class=\"th-service-block-w\">\n            <div class=\"elementor-icon-box-wrapper th-show-icon\">\n                                    <div class=\"elementor-icon-box-icon th-icon-size-sm\">\n                        <span class=\"elementor-icon\" >\n                            <i aria-hidden=\"true\" class=\"th-linea icon th-linea icon-basic-smartphone\"><\/i>                        <\/span>\n                    <\/div>\n                                <div class=\"elementor-icon-box-content\">\n                    <h4 class=\"elementor-icon-box-title\">\n                        <span >Give us a call!<\/span>\n                    <\/h4>\n                    <p class=\"elementor-icon-box-description\">by phone: +33(0)7.80.95.96.10<\/p>\n                <\/div>\n            <\/div>\n\n        <\/div>\n\n\t\t\t\t\t\t<\/div>\n\t\t\t\t<\/div>\n\t\t\t\t<div class=\"elementor-element elementor-element-pinzlyz elementor-position-left elementor-view-default elementor-invisible elementor-widget elementor-widget-themo-service-block\" data-id=\"pinzlyz\" data-element_type=\"widget\" data-e-type=\"widget\" data-settings=\"{&quot;_animation&quot;:&quot;fadeInUp&quot;,&quot;_animation_delay&quot;:50}\" data-widget_type=\"themo-service-block.default\">\n\t\t\t\t<div class=\"elementor-widget-container\">\n\t\t\t\t\t\t\t<div class=\"th-service-block-w\">\n            <div class=\"elementor-icon-box-wrapper th-show-icon\">\n                                    <div class=\"elementor-icon-box-icon th-icon-size-sm\">\n                        <span class=\"elementor-icon\" >\n                            <i aria-hidden=\"true\" class=\"th-linea icon th-linea icon-basic-mail-open-text\"><\/i>                        <\/span>\n                    <\/div>\n                                <div class=\"elementor-icon-box-content\">\n                    <h4 class=\"elementor-icon-box-title\">\n                        <span >Send us a message<\/span>\n                    <\/h4>\n                    <p class=\"elementor-icon-box-description\">Fill in the form below and our team will get back to you as soon as possible.<\/p>\n                <\/div>\n            <\/div>\n\n        <\/div>\n\n\t\t\t\t\t\t<\/div>\n\t\t\t\t<\/div>\n\t\t\t\t<div class=\"elementor-element elementor-element-dbf7c61 elementor-position-left elementor-view-default elementor-invisible elementor-widget elementor-widget-themo-service-block\" data-id=\"dbf7c61\" data-element_type=\"widget\" data-e-type=\"widget\" data-settings=\"{&quot;_animation&quot;:&quot;fadeInUp&quot;,&quot;_animation_delay&quot;:50}\" data-widget_type=\"themo-service-block.default\">\n\t\t\t\t<div class=\"elementor-widget-container\">\n\t\t\t\t\t\t\t<div class=\"th-service-block-w\">\n            <div class=\"elementor-icon-box-wrapper th-show-icon\">\n                                    <div class=\"elementor-icon-box-icon th-icon-size-sm\">\n                        <span class=\"elementor-icon\" >\n                            <i aria-hidden=\"true\" class=\"th-linea icon th-linea icon-basic-geolocalize-01\"><\/i>                        <\/span>\n                    <\/div>\n                                <div class=\"elementor-icon-box-content\">\n                    <h4 class=\"elementor-icon-box-title\">\n                        <span >How to find us<\/span>\n                    <\/h4>\n                    <p class=\"elementor-icon-box-description\">LYON - Le II\n2 avenue Tony Garnier, 69007\n(by appointment)\n\nPARIS - French Event Booster\n1 place de la Porte de Versailles, 75015\n(by appointment)\n<\/p>\n                <\/div>\n            <\/div>\n\n        <\/div>\n\n\t\t\t\t\t\t<\/div>\n\t\t\t\t<\/div>\n\t\t\t\t<div class=\"elementor-element elementor-element-5p7axkt elementor-widget elementor-widget-spacer\" data-id=\"5p7axkt\" data-element_type=\"widget\" data-e-type=\"widget\" data-widget_type=\"spacer.default\">\n\t\t\t\t<div class=\"elementor-widget-container\">\n\t\t\t\t\t\t\t<div class=\"elementor-spacer\">\n\t\t\t<div class=\"elementor-spacer-inner\"><\/div>\n\t\t<\/div>\n\t\t\t\t\t\t<\/div>\n\t\t\t\t<\/div>\n\t\t\t\t\t<\/div>\n\t\t<\/div>\n\t\t\t\t<div class=\"elementor-column elementor-col-50 elementor-top-column elementor-element elementor-element-mfjhgsy\" data-id=\"mfjhgsy\" data-element_type=\"column\" data-e-type=\"column\">\n\t\t\t<div class=\"elementor-widget-wrap elementor-element-populated\">\n\t\t\t\t\t\t<div class=\"elementor-element elementor-element-b92e658 elementor-widget elementor-widget-html\" data-id=\"b92e658\" data-element_type=\"widget\" data-e-type=\"widget\" data-widget_type=\"html.default\">\n\t\t\t\t<div class=\"elementor-widget-container\">\n\t\t\t\t\t<script charset=\"utf-8\" type=\"text\/javascript\" src=\"\/\/js.hsforms.net\/forms\/embed\/v2.js\"><\/script>\n<script>\n  hbspt.forms.create({\n    portalId: \"5106149\",\n    formId: \"175f8789-ea78-4264-b9ae-5bb97fe43122\",\n    region: \"na1\"\n  });\n<\/script>\t\t\t\t<\/div>\n\t\t\t\t<\/div>\n\t\t\t\t\t<\/div>\n\t\t<\/div>\n\t\t\t\t\t<\/div>\n\t\t<\/section>\n\t\t\t\t<section class=\"elementor-section elementor-top-section elementor-element elementor-element-bqlt0sn elementor-section-boxed elementor-section-height-default elementor-section-height-default\" data-id=\"bqlt0sn\" data-element_type=\"section\" data-e-type=\"section\">\n\t\t\t\t\t\t<div class=\"elementor-container elementor-column-gap-default\">\n\t\t\t\t\t<div class=\"elementor-column elementor-col-100 elementor-top-column elementor-element elementor-element-gcm8twg\" data-id=\"gcm8twg\" data-element_type=\"column\" data-e-type=\"column\">\n\t\t\t<div class=\"elementor-widget-wrap elementor-element-populated\">\n\t\t\t\t\t\t<div class=\"elementor-element elementor-element-51xhzgf elementor-widget elementor-widget-spacer\" data-id=\"51xhzgf\" data-element_type=\"widget\" data-e-type=\"widget\" data-widget_type=\"spacer.default\">\n\t\t\t\t<div class=\"elementor-widget-container\">\n\t\t\t\t\t\t\t<div class=\"elementor-spacer\">\n\t\t\t<div class=\"elementor-spacer-inner\"><\/div>\n\t\t<\/div>\n\t\t\t\t\t\t<\/div>\n\t\t\t\t<\/div>\n\t\t\t\t\t<\/div>\n\t\t<\/div>\n\t\t\t\t\t<\/div>\n\t\t<\/section>\n\t\t\t\t<\/div>","protected":false},"excerpt":{"rendered":"<p>Contactez nous ! Contactez SuperConnectr, la plateforme communautaire tout-en-un. Notre \u00e9quipe est \u00e0 votre \u00e9coute pour vous aider \u00e0 g\u00e9rer, animer et valoriser votre communaut\u00e9. Appelez-nous ! par t\u00e9l\u00e9phone : +33(0)7.80.95.96.10 Envoyez-nous un message Compl\u00e9tez le formulaire \u00e0 votre disposition, &hellip; <a href=\"https:\/\/superconnectr.com\/us\/contact\/\">Read More<\/a><\/p>","protected":false},"author":2,"featured_media":9561,"parent":0,"menu_order":67,"comment_status":"closed","ping_status":"closed","template":"","meta":{"content-type":"","footnotes":""},"class_list":["post-137","page","type-page","status-publish","has-post-thumbnail","hentry"],"yoast_head":"<!-- This site is optimized with the Yoast SEO plugin v27.3 - https:\/\/yoast.com\/product\/yoast-seo-wordpress\/ -->\n<title>Contacter SuperConnectr<\/title>\n<meta name=\"description\" content=\"Notre \u00e9quipe est \u00e0 votre \u00e9coute ! Contactez SuperConnectr, la Plateforme communautaire tout-en-un, via le formulaire ou par t\u00e9l\u00e9phone.\" \/>\n<meta name=\"robots\" content=\"index, follow, max-snippet:-1, max-image-preview:large, max-video-preview:-1\" \/>\n<link rel=\"canonical\" href=\"https:\/\/superconnectr.com\/us\/contact\/\" \/>\n<meta property=\"og:locale\" content=\"en_US\" \/>\n<meta property=\"og:type\" content=\"article\" \/>\n<meta property=\"og:title\" content=\"Contacter SuperConnectr\" \/>\n<meta property=\"og:description\" content=\"Notre \u00e9quipe est \u00e0 votre \u00e9coute ! Contactez SuperConnectr, la Plateforme communautaire tout-en-un, via le formulaire ou par t\u00e9l\u00e9phone.\" \/>\n<meta property=\"og:url\" content=\"https:\/\/superconnectr.com\/us\/contact\/\" \/>\n<meta property=\"og:site_name\" content=\"Plateforme communautaire &amp; Application des Communaut\u00e9s | SuperConnectr\" \/>\n<meta property=\"article:publisher\" content=\"https:\/\/www.facebook.com\/SuperConnectr\" \/>\n<meta property=\"article:modified_time\" content=\"2025-11-20T08:46:23+00:00\" \/>\n<meta property=\"og:image\" content=\"https:\/\/superconnectr.com\/wp-content\/uploads\/2025\/03\/Logo-SuperConnectr-2025-Blue.png\" \/>\n\t<meta property=\"og:image:width\" content=\"512\" \/>\n\t<meta property=\"og:image:height\" content=\"512\" \/>\n\t<meta property=\"og:image:type\" content=\"image\/png\" \/>\n<meta name=\"twitter:card\" content=\"summary_large_image\" \/>\n<meta name=\"twitter:site\" content=\"@SuperConnectr_\" \/>\n<meta name=\"twitter:label1\" content=\"Est. reading time\" \/>\n\t<meta name=\"twitter:data1\" content=\"1 minute\" \/>\n<script type=\"application\/ld+json\" class=\"yoast-schema-graph\">{\"@context\":\"https:\\\/\\\/schema.org\",\"@graph\":[{\"@type\":\"WebPage\",\"@id\":\"https:\\\/\\\/superconnectr.com\\\/contact\\\/\",\"url\":\"https:\\\/\\\/superconnectr.com\\\/contact\\\/\",\"name\":\"Contacter SuperConnectr\",\"isPartOf\":{\"@id\":\"https:\\\/\\\/superconnectr.com\\\/#website\"},\"primaryImageOfPage\":{\"@id\":\"https:\\\/\\\/superconnectr.com\\\/contact\\\/#primaryimage\"},\"image\":{\"@id\":\"https:\\\/\\\/superconnectr.com\\\/contact\\\/#primaryimage\"},\"thumbnailUrl\":\"https:\\\/\\\/superconnectr.com\\\/wp-content\\\/uploads\\\/2025\\\/03\\\/Logo-SuperConnectr-2025-Blue.png\",\"datePublished\":\"2017-05-31T05:05:41+00:00\",\"dateModified\":\"2025-11-20T08:46:23+00:00\",\"description\":\"Notre \u00e9quipe est \u00e0 votre \u00e9coute ! Contactez SuperConnectr, la Plateforme communautaire tout-en-un, via le formulaire ou par t\u00e9l\u00e9phone.\",\"breadcrumb\":{\"@id\":\"https:\\\/\\\/superconnectr.com\\\/contact\\\/#breadcrumb\"},\"inLanguage\":\"en-US\",\"potentialAction\":[{\"@type\":\"ReadAction\",\"target\":[\"https:\\\/\\\/superconnectr.com\\\/contact\\\/\"]}]},{\"@type\":\"ImageObject\",\"inLanguage\":\"en-US\",\"@id\":\"https:\\\/\\\/superconnectr.com\\\/contact\\\/#primaryimage\",\"url\":\"https:\\\/\\\/superconnectr.com\\\/wp-content\\\/uploads\\\/2025\\\/03\\\/Logo-SuperConnectr-2025-Blue.png\",\"contentUrl\":\"https:\\\/\\\/superconnectr.com\\\/wp-content\\\/uploads\\\/2025\\\/03\\\/Logo-SuperConnectr-2025-Blue.png\",\"width\":512,\"height\":512,\"caption\":\"Logo SuperConnectr 2025 - Plateforme et Application communautaire\"},{\"@type\":\"BreadcrumbList\",\"@id\":\"https:\\\/\\\/superconnectr.com\\\/contact\\\/#breadcrumb\",\"itemListElement\":[{\"@type\":\"ListItem\",\"position\":1,\"name\":\"Accueil\",\"item\":\"https:\\\/\\\/superconnectr.com\\\/\"},{\"@type\":\"ListItem\",\"position\":2,\"name\":\"Contacter SuperConnectr\"}]},{\"@type\":\"WebSite\",\"@id\":\"https:\\\/\\\/superconnectr.com\\\/#website\",\"url\":\"https:\\\/\\\/superconnectr.com\\\/\",\"name\":\"SuperConnectr: Plateforme communautaire & Application des Communaut\u00e9s\",\"description\":\"Plateforme communautaire &amp; Application de votre Communaut\u00e9\",\"publisher\":{\"@id\":\"https:\\\/\\\/superconnectr.com\\\/#organization\"},\"alternateName\":\"Plateforme communautaire et Application communautaire\",\"potentialAction\":[{\"@type\":\"SearchAction\",\"target\":{\"@type\":\"EntryPoint\",\"urlTemplate\":\"https:\\\/\\\/superconnectr.com\\\/?s={search_term_string}\"},\"query-input\":{\"@type\":\"PropertyValueSpecification\",\"valueRequired\":true,\"valueName\":\"search_term_string\"}}],\"inLanguage\":\"en-US\"},{\"@type\":\"Organization\",\"@id\":\"https:\\\/\\\/superconnectr.com\\\/#organization\",\"name\":\"SuperConnectr\",\"alternateName\":\"SuperConnectr\",\"url\":\"https:\\\/\\\/superconnectr.com\\\/\",\"logo\":{\"@type\":\"ImageObject\",\"inLanguage\":\"en-US\",\"@id\":\"https:\\\/\\\/superconnectr.com\\\/#\\\/schema\\\/logo\\\/image\\\/\",\"url\":\"https:\\\/\\\/superconnectr.com\\\/wp-content\\\/uploads\\\/2026\\\/01\\\/cropped-Logo-SuperConnectr-Octobre-2024-transparent-1.png\",\"contentUrl\":\"https:\\\/\\\/superconnectr.com\\\/wp-content\\\/uploads\\\/2026\\\/01\\\/cropped-Logo-SuperConnectr-Octobre-2024-transparent-1.png\",\"width\":511,\"height\":427,\"caption\":\"SuperConnectr\"},\"image\":{\"@id\":\"https:\\\/\\\/superconnectr.com\\\/#\\\/schema\\\/logo\\\/image\\\/\"},\"sameAs\":[\"https:\\\/\\\/www.facebook.com\\\/SuperConnectr\",\"https:\\\/\\\/x.com\\\/SuperConnectr_\",\"https:\\\/\\\/www.linkedin.com\\\/company\\\/superconnectr\",\"https:\\\/\\\/www.youtube.com\\\/channel\\\/UCjWh6H9a1XinYfMd0QDPTZA\\\/\"]}]}<\/script>\n<!-- \/ Yoast SEO plugin. -->","yoast_head_json":{"title":"Contact SuperConnectr","description":"Our team is here to help you! Contact SuperConnectr, the all-in-one community platform, via the form or by phone.","robots":{"index":"index","follow":"follow","max-snippet":"max-snippet:-1","max-image-preview":"max-image-preview:large","max-video-preview":"max-video-preview:-1"},"canonical":"https:\/\/superconnectr.com\/us\/contact\/","og_locale":"en_US","og_type":"article","og_title":"Contacter SuperConnectr","og_description":"Notre \u00e9quipe est \u00e0 votre \u00e9coute ! Contactez SuperConnectr, la Plateforme communautaire tout-en-un, via le formulaire ou par t\u00e9l\u00e9phone.","og_url":"https:\/\/superconnectr.com\/us\/contact\/","og_site_name":"Plateforme communautaire &amp; Application des Communaut\u00e9s | SuperConnectr","article_publisher":"https:\/\/www.facebook.com\/SuperConnectr","article_modified_time":"2025-11-20T08:46:23+00:00","og_image":[{"width":512,"height":512,"url":"https:\/\/superconnectr.com\/wp-content\/uploads\/2025\/03\/Logo-SuperConnectr-2025-Blue.png","type":"image\/png"}],"twitter_card":"summary_large_image","twitter_site":"@SuperConnectr_","twitter_misc":{"Est. reading time":"1 minute"},"schema":{"@context":"https:\/\/schema.org","@graph":[{"@type":"WebPage","@id":"https:\/\/superconnectr.com\/contact\/","url":"https:\/\/superconnectr.com\/contact\/","name":"Contact SuperConnectr","isPartOf":{"@id":"https:\/\/superconnectr.com\/#website"},"primaryImageOfPage":{"@id":"https:\/\/superconnectr.com\/contact\/#primaryimage"},"image":{"@id":"https:\/\/superconnectr.com\/contact\/#primaryimage"},"thumbnailUrl":"https:\/\/superconnectr.com\/wp-content\/uploads\/2025\/03\/Logo-SuperConnectr-2025-Blue.png","datePublished":"2017-05-31T05:05:41+00:00","dateModified":"2025-11-20T08:46:23+00:00","description":"Our team is here to help you! Contact SuperConnectr, the all-in-one community platform, via the form or by phone.","breadcrumb":{"@id":"https:\/\/superconnectr.com\/contact\/#breadcrumb"},"inLanguage":"en-US","potentialAction":[{"@type":"ReadAction","target":["https:\/\/superconnectr.com\/contact\/"]}]},{"@type":"ImageObject","inLanguage":"en-US","@id":"https:\/\/superconnectr.com\/contact\/#primaryimage","url":"https:\/\/superconnectr.com\/wp-content\/uploads\/2025\/03\/Logo-SuperConnectr-2025-Blue.png","contentUrl":"https:\/\/superconnectr.com\/wp-content\/uploads\/2025\/03\/Logo-SuperConnectr-2025-Blue.png","width":512,"height":512,"caption":"Logo SuperConnectr 2025 - Plateforme et Application communautaire"},{"@type":"BreadcrumbList","@id":"https:\/\/superconnectr.com\/contact\/#breadcrumb","itemListElement":[{"@type":"ListItem","position":1,"name":"Accueil","item":"https:\/\/superconnectr.com\/"},{"@type":"ListItem","position":2,"name":"Contacter SuperConnectr"}]},{"@type":"WebSite","@id":"https:\/\/superconnectr.com\/#website","url":"https:\/\/superconnectr.com\/","name":"SuperConnectr: Community Platform &amp; Community App","description":"Community Platform &amp; Community Application","publisher":{"@id":"https:\/\/superconnectr.com\/#organization"},"alternateName":"Plateforme communautaire et Application communautaire","potentialAction":[{"@type":"SearchAction","target":{"@type":"EntryPoint","urlTemplate":"https:\/\/superconnectr.com\/?s={search_term_string}"},"query-input":{"@type":"PropertyValueSpecification","valueRequired":true,"valueName":"search_term_string"}}],"inLanguage":"en-US"},{"@type":"Organization","@id":"https:\/\/superconnectr.com\/#organization","name":"SuperConnectr","alternateName":"SuperConnectr","url":"https:\/\/superconnectr.com\/","logo":{"@type":"ImageObject","inLanguage":"en-US","@id":"https:\/\/superconnectr.com\/#\/schema\/logo\/image\/","url":"https:\/\/superconnectr.com\/wp-content\/uploads\/2026\/01\/cropped-Logo-SuperConnectr-Octobre-2024-transparent-1.png","contentUrl":"https:\/\/superconnectr.com\/wp-content\/uploads\/2026\/01\/cropped-Logo-SuperConnectr-Octobre-2024-transparent-1.png","width":511,"height":427,"caption":"SuperConnectr"},"image":{"@id":"https:\/\/superconnectr.com\/#\/schema\/logo\/image\/"},"sameAs":["https:\/\/www.facebook.com\/SuperConnectr","https:\/\/x.com\/SuperConnectr_","https:\/\/www.linkedin.com\/company\/superconnectr","https:\/\/www.youtube.com\/channel\/UCjWh6H9a1XinYfMd0QDPTZA\/"]}]}},"_links":{"self":[{"href":"https:\/\/superconnectr.com\/us\/wp-json\/wp\/v2\/pages\/137","targetHints":{"allow":["GET"]}}],"collection":[{"href":"https:\/\/superconnectr.com\/us\/wp-json\/wp\/v2\/pages"}],"about":[{"href":"https:\/\/superconnectr.com\/us\/wp-json\/wp\/v2\/types\/page"}],"author":[{"embeddable":true,"href":"https:\/\/superconnectr.com\/us\/wp-json\/wp\/v2\/users\/2"}],"replies":[{"embeddable":true,"href":"https:\/\/superconnectr.com\/us\/wp-json\/wp\/v2\/comments?post=137"}],"version-history":[{"count":54,"href":"https:\/\/superconnectr.com\/us\/wp-json\/wp\/v2\/pages\/137\/revisions"}],"predecessor-version":[{"id":10411,"href":"https:\/\/superconnectr.com\/us\/wp-json\/wp\/v2\/pages\/137\/revisions\/10411"}],"wp:featuredmedia":[{"embeddable":true,"href":"https:\/\/superconnectr.com\/us\/wp-json\/wp\/v2\/media\/9561"}],"wp:attachment":[{"href":"https:\/\/superconnectr.com\/us\/wp-json\/wp\/v2\/media?parent=137"}],"curies":[{"name":"wp","href":"https:\/\/api.w.org\/{rel}","templated":true}]}}